{"id":902,"date":"2022-03-25T13:24:38","date_gmt":"2022-03-25T13:24:38","guid":{"rendered":"https:\/\/mecfs-research.org\/?page_id=902"},"modified":"2026-02-03T09:40:15","modified_gmt":"2026-02-03T09:40:15","slug":"impressum","status":"publish","type":"page","link":"https:\/\/mecfs-research.org\/en\/impressum\/","title":{"rendered":"Imprint"},"content":{"rendered":"<div data-elementor-type=\"wp-page\" data-elementor-id=\"902\" class=\"elementor elementor-902\" data-elementor-post-type=\"page\">\n\t\t\t\t\t\t<section class=\"elementor-section elementor-top-section elementor-element elementor-element-79c4ab84 elementor-section-height-min-height elementor-section-boxed elementor-section-height-default elementor-section-items-middle rael-particle-no\" data-id=\"79c4ab84\" data-element_type=\"section\" data-e-type=\"section\" data-settings=\"{&quot;background_background&quot;:&quot;classic&quot;,&quot;rae_animations_entrance&quot;:&quot;none&quot;}\">\n\t\t\t\t\t\t\t<div class=\"elementor-background-overlay\"><\/div>\n\t\t\t\t\t\t\t<div class=\"elementor-container elementor-column-gap-default\">\n\t\t\t\t\t<div class=\"elementor-column elementor-col-100 elementor-top-column elementor-element elementor-element-114ae162 rael-particle-no\" data-id=\"114ae162\" data-element_type=\"column\" data-e-type=\"column\" data-settings=\"{&quot;animation&quot;:&quot;none&quot;}\">\n\t\t\t<div class=\"elementor-widget-wrap elementor-element-populated\">\n\t\t\t\t\t\t<div class=\"elementor-element elementor-element-20874531 elementor-widget elementor-widget-heading\" data-id=\"20874531\" data-element_type=\"widget\" data-e-type=\"widget\" data-settings=\"{&quot;_animation&quot;:&quot;none&quot;,&quot;_animation_delay&quot;:200}\" data-widget_type=\"heading.default\">\n\t\t\t\t<div class=\"elementor-widget-container\">\n\t\t\t\t\t<h3 class=\"elementor-heading-title elementor-size-default\">Imprint<\/h3>\t\t\t\t<\/div>\n\t\t\t\t<\/div>\n\t\t\t\t<div class=\"elementor-element elementor-element-39b57677 elementor-widget elementor-widget-text-editor\" data-id=\"39b57677\" data-element_type=\"widget\" data-e-type=\"widget\" data-settings=\"{&quot;_animation&quot;:&quot;none&quot;,&quot;_animation_delay&quot;:400}\" data-widget_type=\"text-editor.default\">\n\t\t\t\t<div class=\"elementor-widget-container\">\n\t\t\t\t\t\t\t\t\t<p><strong>ME\/CFS Research Foundation gGmbH<\/strong><br \/>Ballindamm 27<br \/>DE - 20095 Hamburg<br \/><strong>T<\/strong>\u00a0+49 40 226 328 530<br \/><a href=\"mailto:info@mecfs-research.org\">contact@mecfs-research.org<\/a><br \/><a href=\"https:\/\/mecfs-research.org\/en\/\"><span style=\"text-decoration: underline;\">http:\/\/www.mecfs-research.org\/<\/span><\/a><\/p><p><strong>Legal representative:<\/strong><br \/>Joerg Heydecke, Managing Director (Gesch\u00e4ftsf\u00fchrer)<\/p><p>Registered at: Amtsgericht Hamburg<br \/>Registernummer: HRB 174036<\/p><p>Responsible for the content (inhaltlich Verantwortlicher gem\u00e4\u00df \u00a7 6 MDStV): <br \/>Joerg Heydecke<\/p><p><strong>Concept and design<\/strong><br \/><span style=\"text-decoration: underline;\"><a href=\"http:\/\/www.kahlbrandt-julius.de\" target=\"_blank\" rel=\"noreferrer noopener\">Julius Kahlbrandt Design<\/a><\/span><\/p><p><strong>Copyrights:<br \/><\/strong><span style=\"color: var( --e-global-color-text ); font-family: var( --e-global-typography-text-font-family ), Sans-serif; font-style: inherit; background-color: var( --e-global-color-5e3691d );\">\u00a9 Copyright and license provider for photos and illustrations used:<\/span><a style=\"font-style: inherit; font-family: var( --e-global-typography-text-font-family ), Sans-serif;\" href=\"https:\/\/mecfs-research.org\/en\/\">\u00a0<\/a><span style=\"font-style: inherit; color: var( --e-global-color-text ); font-family: var( --e-global-typography-text-font-family ), Sans-serif; background-color: var( --e-global-color-5e3691d );\"><br \/>&#8211; Design Barn Inc. (LottieFiles)<br \/>\u2013 Freepik Company S.L. (photos)<\/span><\/p><p><strong>Liability:<\/strong><br \/>Despite of our careful control of content, we assume no liability for the content of external links.<\/p><p><strong>Data protection and privacy:<br \/><\/strong>Please check out our <span style=\"text-decoration: underline;\"><a href=\"https:\/\/mecfs-research.org\/en\/datenschutz\/\">data and privacy policy<\/a><\/span>.<\/p>\t\t\t\t\t\t\t\t<\/div>\n\t\t\t\t<\/div>\n\t\t\t\t\t<\/div>\n\t\t<\/div>\n\t\t\t\t\t<\/div>\n\t\t<\/section>\n\t\t\t\t<\/div>","protected":false},"excerpt":{"rendered":"<p>Impressum ME\/CFS Research Foundation gGmbHBallindamm 2720095 HamburgT\u00a0+49 40 226 328 530contact@mecfs-research.orgwww.mecfs-research.org Vertretungsberechtigt:J\u00f6rg Heydecke, Gesch\u00e4ftsf\u00fchrer Registergericht: Amtsgericht HamburgRegisternummer: HRB 174036 Inhaltlich Verantwortlicher gem\u00e4\u00df \u00a7 6 MDStV: J\u00f6rg Heydecke Konzeption und Gestaltung:Julius Kahlbrandt Design Hinweise auf Nutzungs- und Copyrightrechte:\u00a9 Copyright und Lizenzgeber f\u00fcr verwendete Abbildungen sind:\u00a0&#8211; Design Barn Inc. (LottieFiles)&#8211; Freepik Company S.L. (Bilder) Haftungshinweis:Trotz sorgf\u00e4ltiger inhaltlicher [&hellip;]<\/p>\n","protected":false},"author":2,"featured_media":0,"parent":0,"menu_order":0,"comment_status":"closed","ping_status":"closed","template":"","meta":{"_acf_changed":false,"_seopress_robots_primary_cat":"","_seopress_titles_title":"","_seopress_titles_desc":"","_seopress_robots_index":"","site-sidebar-layout":"no-sidebar","site-content-layout":"page-builder","ast-site-content-layout":"default","site-content-style":"default","site-sidebar-style":"default","ast-global-header-display":"","ast-banner-title-visibility":"","ast-main-header-display":"","ast-hfb-above-header-display":"","ast-hfb-below-header-display":"","ast-hfb-mobile-header-display":"","site-post-title":"disabled","ast-breadcrumbs-content":"","ast-featured-img":"disabled","footer-sml-layout":"","ast-disable-related-posts":"","theme-transparent-header-meta":"","adv-header-id-meta":"","stick-header-meta":"","header-above-stick-meta":"","header-main-stick-meta":"","header-below-stick-meta":"","astra-migrate-meta-layouts":"default","ast-page-background-enabled":"default","ast-page-background-meta":{"desktop":{"background-color":"","background-image":"","background-repeat":"repeat","background-position":"center center","background-size":"auto","background-attachment":"scroll","background-type":"","background-media":"","overlay-type":"","overlay-color":"","overlay-opacity":"","overlay-gradient":""},"tablet":{"background-color":"","background-image":"","background-repeat":"repeat","background-position":"center center","background-size":"auto","background-attachment":"scroll","background-type":"","background-media":"","overlay-type":"","overlay-color":"","overlay-opacity":"","overlay-gradient":""},"mobile":{"background-color":"","background-image":"","background-repeat":"repeat","background-position":"center center","background-size":"auto","background-attachment":"scroll","background-type":"","background-media":"","overlay-type":"","overlay-color":"","overlay-opacity":"","overlay-gradient":""}},"ast-content-background-meta":{"desktop":{"background-color":"var(--ast-global-color-5)","background-image":"","background-repeat":"repeat","background-position":"center center","background-size":"auto","background-attachment":"scroll","background-type":"","background-media":"","overlay-type":"","overlay-color":"","overlay-opacity":"","overlay-gradient":""},"tablet":{"background-color":"var(--ast-global-color-5)","background-image":"","background-repeat":"repeat","background-position":"center center","background-size":"auto","background-attachment":"scroll","background-type":"","background-media":"","overlay-type":"","overlay-color":"","overlay-opacity":"","overlay-gradient":""},"mobile":{"background-color":"var(--ast-global-color-5)","background-image":"","background-repeat":"repeat","background-position":"center center","background-size":"auto","background-attachment":"scroll","background-type":"","background-media":"","overlay-type":"","overlay-color":"","overlay-opacity":"","overlay-gradient":""}},"footnotes":""},"class_list":["post-902","page","type-page","status-publish","hentry"],"acf":[],"_links":{"self":[{"href":"https:\/\/mecfs-research.org\/en\/wp-json\/wp\/v2\/pages\/902","targetHints":{"allow":["GET"]}}],"collection":[{"href":"https:\/\/mecfs-research.org\/en\/wp-json\/wp\/v2\/pages"}],"about":[{"href":"https:\/\/mecfs-research.org\/en\/wp-json\/wp\/v2\/types\/page"}],"author":[{"embeddable":true,"href":"https:\/\/mecfs-research.org\/en\/wp-json\/wp\/v2\/users\/2"}],"replies":[{"embeddable":true,"href":"https:\/\/mecfs-research.org\/en\/wp-json\/wp\/v2\/comments?post=902"}],"version-history":[{"count":74,"href":"https:\/\/mecfs-research.org\/en\/wp-json\/wp\/v2\/pages\/902\/revisions"}],"predecessor-version":[{"id":16052,"href":"https:\/\/mecfs-research.org\/en\/wp-json\/wp\/v2\/pages\/902\/revisions\/16052"}],"wp:attachment":[{"href":"https:\/\/mecfs-research.org\/en\/wp-json\/wp\/v2\/media?parent=902"}],"curies":[{"name":"wp","href":"https:\/\/api.w.org\/{rel}","templated":true}]}}