{"id":8121,"date":"2024-06-06T12:35:16","date_gmt":"2024-06-06T12:35:16","guid":{"rendered":"https:\/\/mecfs-research.org\/?page_id=8121"},"modified":"2025-09-18T21:15:41","modified_gmt":"2025-09-18T21:15:41","slug":"fundraiser-mediaupload","status":"publish","type":"page","link":"https:\/\/mecfs-research.org\/en\/support\/fundraiser-mediaupload\/","title":{"rendered":"Spendenaktion Media Upload"},"content":{"rendered":"<div data-elementor-type=\"wp-page\" data-elementor-id=\"8121\" class=\"elementor elementor-8121\" data-elementor-post-type=\"page\">\n\t\t\t\t\t\t<section class=\"elementor-section elementor-top-section elementor-element elementor-element-6285b66e elementor-section-height-min-height elementor-section-boxed elementor-section-height-default elementor-section-items-middle rael-particle-no\" data-id=\"6285b66e\" data-element_type=\"section\" data-e-type=\"section\" data-settings=\"{&quot;background_background&quot;:&quot;classic&quot;,&quot;rae_animations_entrance&quot;:&quot;none&quot;}\">\n\t\t\t\t\t\t\t<div class=\"elementor-background-overlay\"><\/div>\n\t\t\t\t\t\t\t<div class=\"elementor-container elementor-column-gap-default\">\n\t\t\t\t\t<div class=\"elementor-column elementor-col-100 elementor-top-column elementor-element elementor-element-43a1ee4 rael-particle-no\" data-id=\"43a1ee4\" data-element_type=\"column\" data-e-type=\"column\">\n\t\t\t<div class=\"elementor-widget-wrap elementor-element-populated\">\n\t\t\t\t\t\t<div class=\"elementor-element elementor-element-17020cbe elementor-invisible elementor-widget elementor-widget-text-editor\" data-id=\"17020cbe\" data-element_type=\"widget\" data-e-type=\"widget\" data-settings=\"{&quot;_animation&quot;:&quot;fadeInUp&quot;}\" data-widget_type=\"text-editor.default\">\n\t\t\t\t<div class=\"elementor-widget-container\">\n\t\t\t\t\t\t\t\t\t<p>Support ME\/CFS research!<\/p>\t\t\t\t\t\t\t\t<\/div>\n\t\t\t\t<\/div>\n\t\t\t\t<div class=\"elementor-element elementor-element-5f573ab6 elementor-invisible elementor-widget elementor-widget-heading\" data-id=\"5f573ab6\" data-element_type=\"widget\" data-e-type=\"widget\" data-settings=\"{&quot;_animation&quot;:&quot;fadeInUp&quot;,&quot;_animation_delay&quot;:200}\" data-widget_type=\"heading.default\">\n\t\t\t\t<div class=\"elementor-widget-container\">\n\t\t\t\t\t<h2 class=\"elementor-heading-title elementor-size-default\">Ihre Motivation und Spendenaktion festhalten!<\/h2>\t\t\t\t<\/div>\n\t\t\t\t<\/div>\n\t\t\t\t<div class=\"elementor-element elementor-element-12c0bca9 elementor-widget elementor-widget-text-editor\" data-id=\"12c0bca9\" data-element_type=\"widget\" data-e-type=\"widget\" data-settings=\"{&quot;_animation&quot;:&quot;none&quot;,&quot;_animation_delay&quot;:400}\" data-widget_type=\"text-editor.default\">\n\t\t\t\t<div class=\"elementor-widget-container\">\n\t\t\t\t\t\t\t\t\t<p>Danke f\u00fcr Ihre Unterst\u00fctzung durch eine Spendenaktion!<\/p><p>Ihre Initiative w\u00fcrden wir gern als Anregung f\u00fcr andere festhalten und teilen. Bitte unterst\u00fctzen Sie uns dabei! Bitte erstellen Sie ein kurzes Selfie Video in dem Sie Ihre Motivation und Aktion mitteilen. Wir zeigen ausgew\u00e4hlte Videos auf unseren Social Media Kan\u00e4len und Website. Vielen Dank!\u00a0<\/p><p>If the form is not displayed correctly, <span style=\"text-decoration: underline;\"><a href=\"https:\/\/cloud.seatable.io\/dtable\/forms\/cc99a040-5020-48ba-9683-68fa55dbd887\/\" target=\"_blank\" rel=\"noopener\">please click here<\/a><\/span>.<\/p>\t\t\t\t\t\t\t\t<\/div>\n\t\t\t\t<\/div>\n\t\t\t\t\t<\/div>\n\t\t<\/div>\n\t\t\t\t\t<\/div>\n\t\t<\/section>\n\t\t\t\t<section class=\"elementor-section elementor-top-section elementor-element elementor-element-90d8205 elementor-section-boxed elementor-section-height-default elementor-section-height-default rael-particle-no\" data-id=\"90d8205\" data-element_type=\"section\" data-e-type=\"section\" data-settings=\"{&quot;background_background&quot;:&quot;classic&quot;,&quot;rae_animations_entrance&quot;:&quot;none&quot;}\">\n\t\t\t\t\t\t<div class=\"elementor-container elementor-column-gap-no\">\n\t\t\t\t\t<div class=\"elementor-column elementor-col-100 elementor-top-column elementor-element elementor-element-755b6aa rael-particle-no\" data-id=\"755b6aa\" data-element_type=\"column\" data-e-type=\"column\">\n\t\t\t<div class=\"elementor-widget-wrap elementor-element-populated\">\n\t\t\t\t\t\t<div class=\"elementor-element elementor-element-fb499e9 elementor-widget__width-initial elementor-widget elementor-widget-html\" data-id=\"fb499e9\" data-element_type=\"widget\" data-e-type=\"widget\" data-no-translation=\"\" data-widget_type=\"html.default\">\n\t\t\t\t<div class=\"elementor-widget-container\">\n\t\t\t\t\t<style>.elementor-element-fb499e9{display:none !important}<\/style>\t\t\t\t<\/div>\n\t\t\t\t<\/div>\n\t\t\t\t<div class=\"elementor-element elementor-element-b185cc8 elementor-widget elementor-widget-html\" data-id=\"b185cc8\" data-element_type=\"widget\" data-e-type=\"widget\" data-no-translation=\"\" data-widget_type=\"html.default\">\n\t\t\t\t<div class=\"elementor-widget-container\">\n\t\t\t\t\t<div class=\"responsive_iframe_container\">\n<iframe width=\"100%\" height=\"1400px\" src=\"https:\/\/cloud.seatable.io\/dtable\/forms\/e2a439f3-51b3-424b-98f7-996d54665a00\/\" scrolling=\"no\" class=\"responsive_iframe\"\n    style=\"transform: scale(1.0);\"\n    ><\/iframe>\n<\/div>\t\t\t\t<\/div>\n\t\t\t\t<\/div>\n\t\t\t\t\t<\/div>\n\t\t<\/div>\n\t\t\t\t\t<\/div>\n\t\t<\/section>\n\t\t\t\t<\/div>","protected":false},"excerpt":{"rendered":"<p>Unterst\u00fctzten Sie die ME\/CFS Forschung! Ihre Motivation und Spendenaktion festhalten! Danke f\u00fcr Ihre Unterst\u00fctzung durch eine Spendenaktion! Ihre Initiative w\u00fcrden wir gern als Anregung f\u00fcr andere festhalten und teilen. Bitte unterst\u00fctzen Sie uns dabei! Bitte erstellen Sie ein kurzes Selfie Video in dem Sie Ihre Motivation und Aktion mitteilen. Wir zeigen ausgew\u00e4hlte Videos auf unseren [&hellip;]<\/p>\n","protected":false},"author":2,"featured_media":0,"parent":144,"menu_order":0,"comment_status":"closed","ping_status":"closed","template":"","meta":{"_acf_changed":false,"_seopress_robots_primary_cat":"","_seopress_titles_title":"","_seopress_titles_desc":"","_seopress_robots_index":"","site-sidebar-layout":"no-sidebar","site-content-layout":"page-builder","ast-site-content-layout":"default","site-content-style":"default","site-sidebar-style":"default","ast-global-header-display":"","ast-banner-title-visibility":"","ast-main-header-display":"","ast-hfb-above-header-display":"","ast-hfb-below-header-display":"","ast-hfb-mobile-header-display":"","site-post-title":"disabled","ast-breadcrumbs-content":"","ast-featured-img":"disabled","footer-sml-layout":"","ast-disable-related-posts":"","theme-transparent-header-meta":"","adv-header-id-meta":"","stick-header-meta":"","header-above-stick-meta":"","header-main-stick-meta":"","header-below-stick-meta":"","astra-migrate-meta-layouts":"default","ast-page-background-enabled":"default","ast-page-background-meta":{"desktop":{"background-color":"","background-image":"","background-repeat":"repeat","background-position":"center center","background-size":"auto","background-attachment":"scroll","background-type":"","background-media":"","overlay-type":"","overlay-color":"","overlay-opacity":"","overlay-gradient":""},"tablet":{"background-color":"","background-image":"","background-repeat":"repeat","background-position":"center center","background-size":"auto","background-attachment":"scroll","background-type":"","background-media":"","overlay-type":"","overlay-color":"","overlay-opacity":"","overlay-gradient":""},"mobile":{"background-color":"","background-image":"","background-repeat":"repeat","background-position":"center center","background-size":"auto","background-attachment":"scroll","background-type":"","background-media":"","overlay-type":"","overlay-color":"","overlay-opacity":"","overlay-gradient":""}},"ast-content-background-meta":{"desktop":{"background-color":"var(--ast-global-color-5)","background-image":"","background-repeat":"repeat","background-position":"center center","background-size":"auto","background-attachment":"scroll","background-type":"","background-media":"","overlay-type":"","overlay-color":"","overlay-opacity":"","overlay-gradient":""},"tablet":{"background-color":"var(--ast-global-color-5)","background-image":"","background-repeat":"repeat","background-position":"center center","background-size":"auto","background-attachment":"scroll","background-type":"","background-media":"","overlay-type":"","overlay-color":"","overlay-opacity":"","overlay-gradient":""},"mobile":{"background-color":"var(--ast-global-color-5)","background-image":"","background-repeat":"repeat","background-position":"center center","background-size":"auto","background-attachment":"scroll","background-type":"","background-media":"","overlay-type":"","overlay-color":"","overlay-opacity":"","overlay-gradient":""}},"footnotes":""},"class_list":["post-8121","page","type-page","status-publish","hentry"],"acf":[],"_links":{"self":[{"href":"https:\/\/mecfs-research.org\/en\/wp-json\/wp\/v2\/pages\/8121","targetHints":{"allow":["GET"]}}],"collection":[{"href":"https:\/\/mecfs-research.org\/en\/wp-json\/wp\/v2\/pages"}],"about":[{"href":"https:\/\/mecfs-research.org\/en\/wp-json\/wp\/v2\/types\/page"}],"author":[{"embeddable":true,"href":"https:\/\/mecfs-research.org\/en\/wp-json\/wp\/v2\/users\/2"}],"replies":[{"embeddable":true,"href":"https:\/\/mecfs-research.org\/en\/wp-json\/wp\/v2\/comments?post=8121"}],"version-history":[{"count":23,"href":"https:\/\/mecfs-research.org\/en\/wp-json\/wp\/v2\/pages\/8121\/revisions"}],"predecessor-version":[{"id":8165,"href":"https:\/\/mecfs-research.org\/en\/wp-json\/wp\/v2\/pages\/8121\/revisions\/8165"}],"up":[{"embeddable":true,"href":"https:\/\/mecfs-research.org\/en\/wp-json\/wp\/v2\/pages\/144"}],"wp:attachment":[{"href":"https:\/\/mecfs-research.org\/en\/wp-json\/wp\/v2\/media?parent=8121"}],"curies":[{"name":"wp","href":"https:\/\/api.w.org\/{rel}","templated":true}]}}